{"id":39,"date":"2017-09-26T17:47:21","date_gmt":"2017-09-26T15:47:21","guid":{"rendered":"http:\/\/slac-artsdecombat.fr\/?page_id=39"},"modified":"2024-09-26T18:34:49","modified_gmt":"2024-09-26T16:34:49","slug":"modalites-dinscription-et-tarifs","status":"publish","type":"page","link":"https:\/\/slac-artsdecombat.fr\/index.php\/modalites-dinscription-et-tarifs\/","title":{"rendered":"Modalit\u00e9s tarifs et Livret Judo"},"content":{"rendered":"<h3><strong>Formulaires \u00e0 t\u00e9l\u00e9charger<\/strong><\/h3>\n<ul>\n<li>Bulletin d\u2019adh\u00e9sion\u00a0 : A DEMANDER SUR PLACE<\/li>\n<li>Notice d\u2019information (hygi\u00e8ne et s\u00e9curit\u00e9) : <a href=\"https:\/\/slac-artsdecombat.fr\/wp-content\/uploads\/2022\/09\/NOTE-IMPORTANTE-SLAC.pdf\">NOTE IMPORTANTE SLAC<\/a><\/li>\n<li>Certificats m\u00e9dicaux : <a href=\"https:\/\/slac-artsdecombat.fr\/wp-content\/uploads\/2023\/08\/certificat-medical-SLAC-2023-2024.odt\">CERTIFICAT MEDICAL SLAC<\/a><\/li>\n<li>Attestation m\u00e9dicale simplifi\u00e9e (si votre certificat m\u00e9dical date de moins de 3 ans pour la m\u00eame activit\u00e9) : <a href=\"https:\/\/slac-artsdecombat.fr\/wp-content\/uploads\/2022\/09\/Attestation-QM-club.pdf\">ATTESTATION MEDICALE SIMPLIFIEE<\/a> &amp; <a href=\"https:\/\/slac-artsdecombat.fr\/wp-content\/uploads\/2017\/10\/AUTO-QUESTIONNAIRE-Q-SPORT.pdf\">AUTO-QUESTIONNAIRE Q-SPORT<\/a><\/li>\n<\/ul>\n<p><!--more--><\/p>\n<h3><strong>Tarifs<br \/><\/strong><\/h3>\n<ul>\n<li><strong>Judo-Jujitsu<\/strong> : Cotisation Club \u00e0 260\u20ac\/an (210\u20ac pour le 2\u00e8me licenci\u00e9 d&rsquo;une m\u00eame famille) &#8211; licence FSGT incluse\u00a0 &#8211;\u00a0<em>Les judokas (moyens grands et adultes) inscrits peuvent suivre les cours des autres disciplines sans suppl\u00e9ment de cotisation.<\/em><\/li>\n<li><strong>Self-d\u00e9fense \/ A\u00efkido \/ Iaido \/ Jodo<\/strong> : Cotisation Club \u00e0 180\u20ac\/an\u00a0 (120\u20ac pour le 2\u00e8me licenci\u00e9\u00a0 d&rsquo;une m\u00eame famille) &#8211; licence FSGT incluse<\/li>\n<\/ul>\n<p><strong>Modalit\u00e9 de paiement<\/strong> : par ch\u00e8que \u00e0 l&rsquo;ordre de la SLAC <strong>e<\/strong>n 1 fois 2 fois ou 3 fois (ch\u00e8ques \u00e9tablis et fournis \u00e0 l&rsquo;inscription , remis \u00e0 l&rsquo;encaissement aux dates souhait\u00e9es)<\/p>\n<p><em>2 s\u00e9ances d&rsquo;essai gratuites sans engagement<\/em><\/p>\n<p>&nbsp;<\/p>\n\n\n<p><\/p>\n\n\n\n<p><\/p>\n\n\n\n<h2 class=\"wp-block-heading\"><strong>Livret de Judo Jujitsu<\/strong><\/h2>\n\n\n\n<p><a href=\"https:\/\/slac-artsdecombat.fr\/wp-content\/uploads\/2023\/12\/Livret-Judo-02-1.pdf\" data-type=\"link\" data-id=\"https:\/\/slac-artsdecombat.fr\/wp-content\/uploads\/2023\/12\/Livret-Judo-02-1.pdf\" target=\"_blank\" rel=\"noreferrer noopener\">Mon livret de Judo &#8211; Edition 2023-2024<\/a><\/p>\n\n\n\n<p><\/p>\n","protected":false},"excerpt":{"rendered":"<p>Formulaires \u00e0 t\u00e9l\u00e9charger Bulletin d\u2019adh\u00e9sion\u00a0 : A DEMANDER SUR PLACE Notice d\u2019information (hygi\u00e8ne et s\u00e9curit\u00e9) : NOTE IMPORTANTE SLAC Certificats m\u00e9dicaux : CERTIFICAT MEDICAL SLAC Attestation m\u00e9dicale simplifi\u00e9e (si votre certificat m\u00e9dical date de moins de 3 ans pour la m\u00eame activit\u00e9) : ATTESTATION MEDICALE SIMPLIFIEE &amp; AUTO-QUESTIONNAIRE Q-SPORT<\/p>\n","protected":false},"author":1,"featured_media":0,"parent":0,"menu_order":0,"comment_status":"closed","ping_status":"closed","template":"","meta":{"footnotes":""},"class_list":["post-39","page","type-page","status-publish","hentry"],"_links":{"self":[{"href":"https:\/\/slac-artsdecombat.fr\/index.php\/wp-json\/wp\/v2\/pages\/39","targetHints":{"allow":["GET"]}}],"collection":[{"href":"https:\/\/slac-artsdecombat.fr\/index.php\/wp-json\/wp\/v2\/pages"}],"about":[{"href":"https:\/\/slac-artsdecombat.fr\/index.php\/wp-json\/wp\/v2\/types\/page"}],"author":[{"embeddable":true,"href":"https:\/\/slac-artsdecombat.fr\/index.php\/wp-json\/wp\/v2\/users\/1"}],"replies":[{"embeddable":true,"href":"https:\/\/slac-artsdecombat.fr\/index.php\/wp-json\/wp\/v2\/comments?post=39"}],"version-history":[{"count":70,"href":"https:\/\/slac-artsdecombat.fr\/index.php\/wp-json\/wp\/v2\/pages\/39\/revisions"}],"predecessor-version":[{"id":1400,"href":"https:\/\/slac-artsdecombat.fr\/index.php\/wp-json\/wp\/v2\/pages\/39\/revisions\/1400"}],"wp:attachment":[{"href":"https:\/\/slac-artsdecombat.fr\/index.php\/wp-json\/wp\/v2\/media?parent=39"}],"curies":[{"name":"wp","href":"https:\/\/api.w.org\/{rel}","templated":true}]}}