{"id":2,"date":"2017-09-23T12:26:17","date_gmt":"2017-09-23T10:26:17","guid":{"rendered":"http:\/\/slac-artsdecombat.fr\/?page_id=2"},"modified":"2025-04-15T18:06:39","modified_gmt":"2025-04-15T16:06:39","slug":"horaires","status":"publish","type":"page","link":"https:\/\/slac-artsdecombat.fr\/index.php\/horaires\/","title":{"rendered":"Horaires et activit\u00e9s"},"content":{"rendered":"<p style=\"text-align: left;\"><strong>Horaires Se<\/strong><img loading=\"lazy\" decoding=\"async\" class=\" wp-image-163 alignleft\" src=\"https:\/\/slac-artsdecombat.fr\/wp-content\/uploads\/2017\/11\/IMG_6582-260x300.jpg\" alt=\"\" width=\"166\" height=\"192\" \/><strong>lf<\/strong> : Mercredi 18h \u00e0 19h30, Samedi 9h30 \u00e0 12h<\/p>\n<p style=\"text-align: left;\"><strong>Horaires Judo<\/strong> : <b style=\"font-size: 1rem;\">C<\/b><strong style=\"font-size: 1rem;\">ours des petits<\/strong><span style=\"font-size: 1rem;\"> de 17h45 \u00e0 18h45 le mardi et vendredi <\/span><strong style=\"font-size: 1rem;\">Cours des moyens et grands\u00a0<\/strong><span style=\"font-size: 1rem;\"> le mardi de 18h45 \u00e0 19h45 et vendredi de 18h45 \u00e0 20h15<\/span><\/p>\n<p><strong>Horaires Armes et\/ou A\u00efki :<\/strong>\u00a0 Samedi 10h \u00e0 12h<\/p>\n<p><strong>Horaires salle de renforcement physique\u00a0 :\u00a0<\/strong>mardi et vendredi de 17h \u00e0 19h &#8211; Mercredi de 18h \u00e0 19h30 &#8211; Samedi de 9h30 \u00e0 12h<\/p>\n<p><em>Les cours sont suspendus pendant les cong\u00e9s scolaires de la zone B<\/em><\/p>\n","protected":false},"excerpt":{"rendered":"<p>Horaires Self : Mercredi 18h \u00e0 19h30, Samedi 9h30 \u00e0 12h Horaires Judo : Cours des petits de 17h45 \u00e0 18h45 le mardi et vendredi Cours des moyens et grands\u00a0 le mardi de 18h45 \u00e0 19h45 et vendredi de 18h45 \u00e0 20h15 Horaires Armes et\/ou A\u00efki :\u00a0 Samedi 10h \u00e0 12h Horaires salle de renforcement &hellip; <\/p>\n<p class=\"link-more\"><a href=\"https:\/\/slac-artsdecombat.fr\/index.php\/horaires\/\" class=\"more-link\">Continuer la lecture<span class=\"screen-reader-text\"> de &laquo;&nbsp;Horaires et activit\u00e9s&nbsp;&raquo;<\/span><\/a><\/p>\n","protected":false},"author":1,"featured_media":0,"parent":0,"menu_order":0,"comment_status":"closed","ping_status":"open","template":"","meta":{"footnotes":""},"class_list":["post-2","page","type-page","status-publish","hentry"],"_links":{"self":[{"href":"https:\/\/slac-artsdecombat.fr\/index.php\/wp-json\/wp\/v2\/pages\/2","targetHints":{"allow":["GET"]}}],"collection":[{"href":"https:\/\/slac-artsdecombat.fr\/index.php\/wp-json\/wp\/v2\/pages"}],"about":[{"href":"https:\/\/slac-artsdecombat.fr\/index.php\/wp-json\/wp\/v2\/types\/page"}],"author":[{"embeddable":true,"href":"https:\/\/slac-artsdecombat.fr\/index.php\/wp-json\/wp\/v2\/users\/1"}],"replies":[{"embeddable":true,"href":"https:\/\/slac-artsdecombat.fr\/index.php\/wp-json\/wp\/v2\/comments?post=2"}],"version-history":[{"count":24,"href":"https:\/\/slac-artsdecombat.fr\/index.php\/wp-json\/wp\/v2\/pages\/2\/revisions"}],"predecessor-version":[{"id":1442,"href":"https:\/\/slac-artsdecombat.fr\/index.php\/wp-json\/wp\/v2\/pages\/2\/revisions\/1442"}],"wp:attachment":[{"href":"https:\/\/slac-artsdecombat.fr\/index.php\/wp-json\/wp\/v2\/media?parent=2"}],"curies":[{"name":"wp","href":"https:\/\/api.w.org\/{rel}","templated":true}]}}